{"id":2,"date":"2024-08-26T15:43:48","date_gmt":"2024-08-26T13:43:48","guid":{"rendered":"http:\/\/ascension-bryarde.fr\/?page_id=2"},"modified":"2025-08-26T15:40:16","modified_gmt":"2025-08-26T13:40:16","slug":"page-d-exemple","status":"publish","type":"page","link":"https:\/\/ascension-bryarde.fr\/index.php\/page-d-exemple\/","title":{"rendered":"Nos tarifs"},"content":{"rendered":"\t\t<div data-elementor-type=\"wp-page\" data-elementor-id=\"2\" class=\"elementor elementor-2\">\n\t\t\t\t<div class=\"elementor-element elementor-element-a13d41f e-flex e-con-boxed e-con e-parent\" data-id=\"a13d41f\" data-element_type=\"container\">\n\t\t\t\t\t<div class=\"e-con-inner\">\n\t\t\t\t<div class=\"elementor-element elementor-element-580818f elementor-view-stacked elementor-shape-circle elementor-widget elementor-widget-icon\" data-id=\"580818f\" data-element_type=\"widget\" data-widget_type=\"icon.default\">\n\t\t\t\t<div class=\"elementor-widget-container\">\n\t\t\t\t\t\t\t<div class=\"elementor-icon-wrapper\">\n\t\t\t<div class=\"elementor-icon\">\n\t\t\t<svg aria-hidden=\"true\" class=\"e-font-icon-svg e-far-money-bill-alt\" viewBox=\"0 0 640 512\" xmlns=\"http:\/\/www.w3.org\/2000\/svg\"><path d=\"M320 144c-53.02 0-96 50.14-96 112 0 61.85 42.98 112 96 112 53 0 96-50.13 96-112 0-61.86-42.98-112-96-112zm40 168c0 4.42-3.58 8-8 8h-64c-4.42 0-8-3.58-8-8v-16c0-4.42 3.58-8 8-8h16v-55.44l-.47.31a7.992 7.992 0 0 1-11.09-2.22l-8.88-13.31a7.992 7.992 0 0 1 2.22-11.09l15.33-10.22a23.99 23.99 0 0 1 13.31-4.03H328c4.42 0 8 3.58 8 8v88h16c4.42 0 8 3.58 8 8v16zM608 64H32C14.33 64 0 78.33 0 96v320c0 17.67 14.33 32 32 32h576c17.67 0 32-14.33 32-32V96c0-17.67-14.33-32-32-32zm-16 272c-35.35 0-64 28.65-64 64H112c0-35.35-28.65-64-64-64V176c35.35 0 64-28.65 64-64h416c0 35.35 28.65 64 64 64v160z\"><\/path><\/svg>\t\t\t<\/div>\n\t\t<\/div>\n\t\t\t\t\t\t<\/div>\n\t\t\t\t<\/div>\n\t\t\t\t\t<\/div>\n\t\t\t\t<\/div>\n\t\t<div class=\"elementor-element elementor-element-860b67e e-flex e-con-boxed e-con e-parent\" data-id=\"860b67e\" data-element_type=\"container\">\n\t\t\t\t\t<div class=\"e-con-inner\">\n\t\t\t\t<div class=\"elementor-element elementor-element-bb296e5 elementor-widget elementor-widget-text-editor\" data-id=\"bb296e5\" data-element_type=\"widget\" data-widget_type=\"text-editor.default\">\n\t\t\t\t<div class=\"elementor-widget-container\">\n\t\t\t\t\t\t\t\t\t<p><span style=\"font-weight: 400;\"><strong>Cours enfants<\/strong> <strong>(9-14 ans):<\/strong>\u00a0310\u20ac\/an<\/span><\/p><p><span style=\"font-weight: 400;\"><strong>Cours adultes et 15-17 ans:<\/strong> 380\u20ac\/an<\/span><\/p><p><strong>Autonomes adultes (acc\u00e8s aux cr\u00e9neaux libres uniquement):<\/strong> <span style=\"font-weight: 400;\">180\u20ac\/an<\/span><\/p><p><strong>Autonomes enfants (acc\u00e8s aux cr\u00e9neaux libres uniquement, avec leurs parents):<\/strong>\u00a09<span style=\"font-weight: 400;\">0\u20ac\/an<\/span><\/p><p><strong>Tarif non-bryards:<\/strong> +10\u20ac<\/p>\t\t\t\t\t\t\t\t<\/div>\n\t\t\t\t<\/div>\n\t\t\t\t\t<\/div>\n\t\t\t\t<\/div>\n\t\t<div class=\"elementor-element elementor-element-244c2a1 e-grid e-con-boxed e-con e-parent\" data-id=\"244c2a1\" data-element_type=\"container\">\n\t\t\t\t\t<div class=\"e-con-inner\">\n\t\t\t\t<div class=\"elementor-element elementor-element-d3bd985 elementor-widget elementor-widget-text-editor\" data-id=\"d3bd985\" data-element_type=\"widget\" data-widget_type=\"text-editor.default\">\n\t\t\t\t<div class=\"elementor-widget-container\">\n\t\t\t\t\t\t\t\t\t<p><span style=\"text-decoration: underline;\"><strong>Vous souhaitez vous inscrire ?\u00a0<\/strong><\/span><br \/><br \/>Nous organisons d&#8217;abord une s\u00e9ance d&#8217;essai avec notre moniteur, afin de v\u00e9rifier que tout se passe bien ! Certains ne souhaitent pas continuer une fois la premi\u00e8re s\u00e9ance termin\u00e9e, nous nous assurons que personne ne paie avant d&#8217;\u00eatre s\u00fbr de vouloir continuer !<\/p>\t\t\t\t\t\t\t\t<\/div>\n\t\t\t\t<\/div>\n\t\t\t\t<div class=\"elementor-element elementor-element-23cd1fb elementor-widget elementor-widget-text-editor\" data-id=\"23cd1fb\" data-element_type=\"widget\" data-widget_type=\"text-editor.default\">\n\t\t\t\t<div class=\"elementor-widget-container\">\n\t\t\t\t\t\t\t\t\t<p>Pour vous inscrire \u00e0 la s\u00e9ance d&#8217;essai, contactez nous via l&#8217;onglet\u00a0<a style=\"background-color: #ffffff;\" href=\"https:\/\/ascension-bryarde.fr\/index.php\/contact-2\" target=\"_blank\" rel=\"noopener\">Contact<\/a>.<br \/><br \/>Une fois la premi\u00e8re s\u00e9ance valid\u00e9e et par vous et par notre moniteur, nous vous enverrons un lien d&#8217;inscription indiquant tout ce dont vous avez besoin.<\/p>\t\t\t\t\t\t\t\t<\/div>\n\t\t\t\t<\/div>\n\t\t\t\t\t<\/div>\n\t\t\t\t<\/div>\n\t\t\t\t<\/div>\n\t\t","protected":false},"excerpt":{"rendered":"<p>Cours enfants (9-14 ans):\u00a0310\u20ac\/an Cours adultes et 15-17 ans: 380\u20ac\/an Autonomes adultes (acc\u00e8s aux cr\u00e9neaux libres uniquement): 180\u20ac\/an Autonomes enfants (acc\u00e8s aux cr\u00e9neaux libres uniquement, avec leurs parents):\u00a090\u20ac\/an Tarif non-bryards: +10\u20ac Vous souhaitez vous inscrire ?\u00a0 Nous organisons d&#8217;abord une s\u00e9ance d&#8217;essai avec notre moniteur, afin de v\u00e9rifier que tout se passe bien ! Certains [&hellip;]<\/p>\n","protected":false},"author":1,"featured_media":0,"parent":0,"menu_order":0,"comment_status":"closed","ping_status":"closed","template":"","meta":{"footnotes":""},"class_list":["post-2","page","type-page","status-publish","hentry"],"_links":{"self":[{"href":"https:\/\/ascension-bryarde.fr\/index.php\/wp-json\/wp\/v2\/pages\/2","targetHints":{"allow":["GET"]}}],"collection":[{"href":"https:\/\/ascension-bryarde.fr\/index.php\/wp-json\/wp\/v2\/pages"}],"about":[{"href":"https:\/\/ascension-bryarde.fr\/index.php\/wp-json\/wp\/v2\/types\/page"}],"author":[{"embeddable":true,"href":"https:\/\/ascension-bryarde.fr\/index.php\/wp-json\/wp\/v2\/users\/1"}],"replies":[{"embeddable":true,"href":"https:\/\/ascension-bryarde.fr\/index.php\/wp-json\/wp\/v2\/comments?post=2"}],"version-history":[{"count":14,"href":"https:\/\/ascension-bryarde.fr\/index.php\/wp-json\/wp\/v2\/pages\/2\/revisions"}],"predecessor-version":[{"id":6517,"href":"https:\/\/ascension-bryarde.fr\/index.php\/wp-json\/wp\/v2\/pages\/2\/revisions\/6517"}],"wp:attachment":[{"href":"https:\/\/ascension-bryarde.fr\/index.php\/wp-json\/wp\/v2\/media?parent=2"}],"curies":[{"name":"wp","href":"https:\/\/api.w.org\/{rel}","templated":true}]}}